{"id":252,"date":"2019-02-23T20:27:50","date_gmt":"2019-02-23T19:27:50","guid":{"rendered":"http:\/\/dianebucciali.com\/?page_id=252"},"modified":"2019-05-20T20:32:23","modified_gmt":"2019-05-20T18:32:23","slug":"evenement-2","status":"publish","type":"page","link":"https:\/\/dianebucciali.com\/?page_id=252","title":{"rendered":"Actualit\u00e9s"},"content":{"rendered":"<h3>2019<\/h3>\n<p>&nbsp;<\/p>\n<p>Le 13 juin Ispolin sera en concert priv\u00e9 chez Alexine \u00e0 S\u00e9lestat, renseignement par mail (dianebucciali@gmail.com)<\/p>\n<p>Le 21 juin W\u00e0ldte\u00effel sera en concert \u00e0 la f\u00eate de la musique \u00e0 Reichoffen, salle de La Castine.<\/p>\n<p>Le 30 juin Ispolin sera en concert l&rsquo;apr\u00e8s midi \u00e0 la kermesse \u00e0 Westhoffen (ancienne \u00e9cole)<\/p>\n<p>&nbsp;<\/p>\n<p>Le 16 ao\u00fbt Duna Orkestar jouera au festival les Mangeurs de Lune \u00e0 Rouffach \u00a0(http:\/\/lesmangeursdelune.fr)<\/p>\n<p>Le 18 ao\u00fbt Ispolin sera en concert \u00e0 Strasbourg au Parc des Contades.<\/p>\n<p>&nbsp;<\/p>\n","protected":false},"excerpt":{"rendered":"<p class=\"excerpt\">2019 &nbsp; Le 13 juin Ispolin sera en concert priv\u00e9 chez Alexine \u00e0 S\u00e9lestat, renseignement par mail (dianebucciali@gmail.com) Le 21 juin W\u00e0ldte\u00effel sera en concert \u00e0 la f\u00eate de la musique \u00e0 Reichoffen, salle de La Castine. Le 30 juin Ispolin sera en concert l&rsquo;apr\u00e8s midi \u00e0 la kermesse \u00e0 Westhoffen (ancienne \u00e9cole) &nbsp; Le 16 ao\u00fbt Duna Orkestar jouera&hellip;<\/p>\n<p class=\"more-link-p\"><a class=\"btn btn-default\" href=\"https:\/\/dianebucciali.com\/?page_id=252\">Read more<\/a><\/p>\n","protected":false},"author":1,"featured_media":133,"parent":0,"menu_order":0,"comment_status":"closed","ping_status":"closed","template":"","meta":[],"_links":{"self":[{"href":"https:\/\/dianebucciali.com\/index.php?rest_route=\/wp\/v2\/pages\/252"}],"collection":[{"href":"https:\/\/dianebucciali.com\/index.php?rest_route=\/wp\/v2\/pages"}],"about":[{"href":"https:\/\/dianebucciali.com\/index.php?rest_route=\/wp\/v2\/types\/page"}],"author":[{"embeddable":true,"href":"https:\/\/dianebucciali.com\/index.php?rest_route=\/wp\/v2\/users\/1"}],"replies":[{"embeddable":true,"href":"https:\/\/dianebucciali.com\/index.php?rest_route=%2Fwp%2Fv2%2Fcomments&post=252"}],"version-history":[{"count":8,"href":"https:\/\/dianebucciali.com\/index.php?rest_route=\/wp\/v2\/pages\/252\/revisions"}],"predecessor-version":[{"id":321,"href":"https:\/\/dianebucciali.com\/index.php?rest_route=\/wp\/v2\/pages\/252\/revisions\/321"}],"wp:featuredmedia":[{"embeddable":true,"href":"https:\/\/dianebucciali.com\/index.php?rest_route=\/wp\/v2\/media\/133"}],"wp:attachment":[{"href":"https:\/\/dianebucciali.com\/index.php?rest_route=%2Fwp%2Fv2%2Fmedia&parent=252"}],"curies":[{"name":"wp","href":"https:\/\/api.w.org\/{rel}","templated":true}]}}